{"id":7,"date":"2022-11-18T10:51:14","date_gmt":"2022-11-18T10:51:14","guid":{"rendered":"http:\/\/qcloop.de\/?page_id=7"},"modified":"2025-05-21T11:11:17","modified_gmt":"2025-05-21T11:11:17","slug":"qcloop","status":"publish","type":"page","link":"https:\/\/qc-loop.de\/en\/","title":{"rendered":"QC Loop"},"content":{"rendered":"<div data-elementor-type=\"wp-post\" data-elementor-id=\"7\" class=\"elementor elementor-7\" data-elementor-post-type=\"page\">\n\t\t\t\t\t\t<section class=\"elementor-section elementor-top-section elementor-element elementor-element-0020d1d elementor-section-full_width elementor-section-height-default elementor-section-height-default\" data-id=\"0020d1d\" data-element_type=\"section\" id=\"top\" data-settings=\"{&quot;background_background&quot;:&quot;classic&quot;}\">\n\t\t\t\t\t\t<div class=\"elementor-container elementor-column-gap-default\">\n\t\t\t\t\t<div class=\"elementor-column elementor-col-100 elementor-top-column elementor-element elementor-element-8555b8e\" data-id=\"8555b8e\" data-element_type=\"column\">\n\t\t\t<div class=\"elementor-widget-wrap elementor-element-populated\">\n\t\t\t\t\t\t<div class=\"elementor-element elementor-element-7a60e39 elementor-widget elementor-widget-spacer\" data-id=\"7a60e39\" data-element_type=\"widget\" data-widget_type=\"spacer.default\">\n\t\t\t\t<div class=\"elementor-widget-container\">\n\t\t\t\t\t\t\t<div class=\"elementor-spacer\">\n\t\t\t<div class=\"elementor-spacer-inner\"><\/div>\n\t\t<\/div>\n\t\t\t\t\t\t<\/div>\n\t\t\t\t<\/div>\n\t\t\t\t<section class=\"elementor-section elementor-inner-section elementor-element elementor-element-2442bf4 elementor-section-boxed elementor-section-height-default elementor-section-height-default\" data-id=\"2442bf4\" data-element_type=\"section\">\n\t\t\t\t\t\t<div class=\"elementor-container elementor-column-gap-default\">\n\t\t\t\t\t<div class=\"elementor-column elementor-col-50 elementor-inner-column elementor-element elementor-element-c69ac9c\" data-id=\"c69ac9c\" data-element_type=\"column\">\n\t\t\t<div class=\"elementor-widget-wrap elementor-element-populated\">\n\t\t\t\t\t\t<div class=\"elementor-element elementor-element-efb5a4e elementor-widget elementor-widget-image\" data-id=\"efb5a4e\" data-element_type=\"widget\" data-widget_type=\"image.default\">\n\t\t\t\t<div class=\"elementor-widget-container\">\n\t\t\t\t\t\t\t\t\t\t\t\t\t\t\t<img fetchpriority=\"high\" decoding=\"async\" width=\"500\" height=\"477\" src=\"https:\/\/qc-loop.de\/wp-content\/uploads\/2022\/11\/qc-loop-illu-L-1-home-2.svg\" class=\"attachment-full size-full wp-image-571\" alt=\"illustration qc loop home\" \/>\t\t\t\t\t\t\t\t\t\t\t\t\t\t\t<\/div>\n\t\t\t\t<\/div>\n\t\t\t\t\t<\/div>\n\t\t<\/div>\n\t\t\t\t<div class=\"elementor-column elementor-col-50 elementor-inner-column elementor-element elementor-element-8136808\" data-id=\"8136808\" data-element_type=\"column\">\n\t\t\t<div class=\"elementor-widget-wrap elementor-element-populated\">\n\t\t\t\t\t\t<div class=\"elementor-element elementor-element-8a803c9 elementor-widget elementor-widget-heading\" data-id=\"8a803c9\" data-element_type=\"widget\" data-widget_type=\"heading.default\">\n\t\t\t\t<div class=\"elementor-widget-container\">\n\t\t\t\t\t<h1 class=\"elementor-heading-title elementor-size-default\">QC Loop provides full support and services for the identification of applicable standards and compliance with self-defined and regulatory requirements.<\/h1>\t\t\t\t<\/div>\n\t\t\t\t<\/div>\n\t\t\t\t\t<\/div>\n\t\t<\/div>\n\t\t\t\t\t<\/div>\n\t\t<\/section>\n\t\t\t\t\t<\/div>\n\t\t<\/div>\n\t\t\t\t\t<\/div>\n\t\t<\/section>\n\t\t\t\t<section class=\"elementor-section elementor-top-section elementor-element elementor-element-d66f67d elementor-section-boxed elementor-section-height-default elementor-section-height-default\" data-id=\"d66f67d\" data-element_type=\"section\" data-settings=\"{&quot;background_background&quot;:&quot;classic&quot;}\">\n\t\t\t\t\t\t<div class=\"elementor-container elementor-column-gap-default\">\n\t\t\t\t\t<div class=\"elementor-column elementor-col-100 elementor-top-column elementor-element elementor-element-0f9c732\" data-id=\"0f9c732\" data-element_type=\"column\">\n\t\t\t<div class=\"elementor-widget-wrap elementor-element-populated\">\n\t\t\t\t\t\t<div class=\"elementor-element elementor-element-6d59488 elementor-widget elementor-widget-heading\" data-id=\"6d59488\" data-element_type=\"widget\" data-widget_type=\"heading.default\">\n\t\t\t\t<div class=\"elementor-widget-container\">\n\t\t\t\t\t<h2 class=\"elementor-heading-title elementor-size-default\">About QC Loop<\/h2>\t\t\t\t<\/div>\n\t\t\t\t<\/div>\n\t\t\t\t\t<\/div>\n\t\t<\/div>\n\t\t\t\t\t<\/div>\n\t\t<\/section>\n\t\t\t\t<section class=\"elementor-section elementor-top-section elementor-element elementor-element-7ecf516 elementor-section-boxed elementor-section-height-default elementor-section-height-default\" data-id=\"7ecf516\" data-element_type=\"section\" data-settings=\"{&quot;background_background&quot;:&quot;classic&quot;}\">\n\t\t\t\t\t\t<div class=\"elementor-container elementor-column-gap-default\">\n\t\t\t\t\t<div class=\"elementor-column elementor-col-100 elementor-top-column elementor-element elementor-element-ddb7366\" data-id=\"ddb7366\" data-element_type=\"column\">\n\t\t\t<div class=\"elementor-widget-wrap elementor-element-populated\">\n\t\t\t\t\t\t<div class=\"elementor-element elementor-element-31b44d9 elementor-widget elementor-widget-text-editor\" data-id=\"31b44d9\" data-element_type=\"widget\" data-widget_type=\"text-editor.default\">\n\t\t\t\t<div class=\"elementor-widget-container\">\n\t\t\t\t\t\t\t\t\t<p>QC-Loop konzipiert und implementiert ma\u00dfgeschneiderte Prozessschleifen, die das Management steuerbar und effizient machen, um den Herausforderungen hinsichtlich Sicherheit, Qualit\u00e4t und Umwelt im Alltag gewachsen zu sein. Die Erzeugung erforderlicher Compliance-Nachweise wie Technische Dokumentation, Gef\u00e4hrdungsanalysen oder CO2-Berichte steht dabei oft im Mittelpunkt &#8211; sollte aber nicht das einzige Ziel sein. &nbsp; <br><\/p>\n<p>QC-Loop \u00fcberpr\u00fcft Managementsysteme gem\u00e4\u00df geltenden regulatorischen Anforderungen mittels Prozessanalysen oder Audits, um notwendige Ma\u00dfnahmen genau zu identifizieren und damit den Einsatz von Ressourcen so gering wie m\u00f6glich zu halten. <\/p>\n<p>QC-Loop hat zum Ziel, das erforderliche regulatorische Wissen in Ihr Unternehmen zu bringen. Nachhaltiges Arbeiten durch Personal Compliance Training (PCT) erf\u00fcllt nicht nur vollumfangreich die regulatorischen Anforderungen an Schulungen, sie decken gleicherma\u00dfen notwendige Gap-Anaylsen und die Lenkung von Korrektur- oder Vorbeugungsma\u00dfnahmen (CAPA) inklusive Wirksamkeitsnachweise ab. <\/p>\n<p>QC-Loop, der Quality Control Loop, erm\u00f6glicht die angemessene und eigenst\u00e4ndige Identifizierung und Lenkung von Abweichungen &#8211; denn genau das ist doch Ihr Compliance-Versprechen. Und dabei unterst\u00fctzen wir Sie gerne, damit Sie der n\u00e4chsten Inspektion gelassen entgegensehen k\u00f6nnen. <\/p>\t\t\t\t\t\t\t\t<\/div>\n\t\t\t\t<\/div>\n\t\t\t\t\t<\/div>\n\t\t<\/div>\n\t\t\t\t\t<\/div>\n\t\t<\/section>\n\t\t\t\t<section class=\"elementor-section elementor-top-section elementor-element elementor-element-825ee34 elementor-section-boxed elementor-section-height-default elementor-section-height-default\" data-id=\"825ee34\" data-element_type=\"section\">\n\t\t\t\t\t\t<div class=\"elementor-container elementor-column-gap-default\">\n\t\t\t\t\t<div class=\"elementor-column elementor-col-100 elementor-top-column elementor-element elementor-element-0fbc891\" data-id=\"0fbc891\" data-element_type=\"column\">\n\t\t\t<div class=\"elementor-widget-wrap elementor-element-populated\">\n\t\t\t\t\t\t<div class=\"elementor-element elementor-element-c4b128e elementor-widget elementor-widget-heading\" data-id=\"c4b128e\" data-element_type=\"widget\" data-widget_type=\"heading.default\">\n\t\t\t\t<div class=\"elementor-widget-container\">\n\t\t\t\t\t<h2 class=\"elementor-heading-title elementor-size-default\">Our Top-Services<\/h2>\t\t\t\t<\/div>\n\t\t\t\t<\/div>\n\t\t\t\t\t<\/div>\n\t\t<\/div>\n\t\t\t\t\t<\/div>\n\t\t<\/section>\n\t\t\t\t<section class=\"elementor-section elementor-top-section elementor-element elementor-element-55ef756 elementor-section-boxed elementor-section-height-default elementor-section-height-default\" data-id=\"55ef756\" data-element_type=\"section\">\n\t\t\t\t\t\t<div class=\"elementor-container elementor-column-gap-default\">\n\t\t\t\t\t<div class=\"elementor-column elementor-col-100 elementor-top-column elementor-element elementor-element-55ea39c\" data-id=\"55ea39c\" data-element_type=\"column\">\n\t\t\t<div class=\"elementor-widget-wrap elementor-element-populated\">\n\t\t\t\t\t\t<section class=\"elementor-section elementor-inner-section elementor-element elementor-element-e3e04f5 elementor-section-boxed elementor-section-height-default elementor-section-height-default\" data-id=\"e3e04f5\" data-element_type=\"section\">\n\t\t\t\t\t\t<div class=\"elementor-container elementor-column-gap-default\">\n\t\t\t\t\t<div class=\"elementor-column elementor-col-50 elementor-inner-column elementor-element elementor-element-f1a5d88\" data-id=\"f1a5d88\" data-element_type=\"column\">\n\t\t\t<div class=\"elementor-widget-wrap elementor-element-populated\">\n\t\t\t\t\t\t<div class=\"elementor-element elementor-element-ff865c6 elementor-widget elementor-widget-image\" data-id=\"ff865c6\" data-element_type=\"widget\" data-widget_type=\"image.default\">\n\t\t\t\t<div class=\"elementor-widget-container\">\n\t\t\t\t\t\t\t\t\t\t\t\t\t\t\t\t<a href=\"https:\/\/qc-loop.de\/en\/qualitaetsmanagement-medizintechnik\/#m-qm\">\n\t\t\t\t\t\t\t<img decoding=\"async\" width=\"294\" height=\"240\" src=\"https:\/\/qc-loop.de\/wp-content\/uploads\/2022\/11\/qc-loop-illu-s-01-qm.svg\" class=\"attachment-full size-full wp-image-41\" alt=\"illustration qualit\u00e4tsmanagement\" \/>\t\t\t\t\t\t\t\t<\/a>\n\t\t\t\t\t\t\t\t\t\t\t\t\t\t\t<\/div>\n\t\t\t\t<\/div>\n\t\t\t\t<div class=\"elementor-element elementor-element-deccbfb elementor-widget elementor-widget-text-editor\" data-id=\"deccbfb\" data-element_type=\"widget\" data-widget_type=\"text-editor.default\">\n\t\t\t\t<div class=\"elementor-widget-container\">\n\t\t\t\t\t\t\t\t\t<p><a href=\"https:\/\/qc-loop.de\/en\/qualitaetsmanagement-medizintechnik\/#m-qm\"><strong>Quality Management<\/strong><\/a><\/p>\t\t\t\t\t\t\t\t<\/div>\n\t\t\t\t<\/div>\n\t\t\t\t\t<\/div>\n\t\t<\/div>\n\t\t\t\t<div class=\"elementor-column elementor-col-50 elementor-inner-column elementor-element elementor-element-23d8b6a\" data-id=\"23d8b6a\" data-element_type=\"column\">\n\t\t\t<div class=\"elementor-widget-wrap elementor-element-populated\">\n\t\t\t\t\t\t<div class=\"elementor-element elementor-element-b1169c8 elementor-widget elementor-widget-image\" data-id=\"b1169c8\" data-element_type=\"widget\" data-widget_type=\"image.default\">\n\t\t\t\t<div class=\"elementor-widget-container\">\n\t\t\t\t\t\t\t\t\t\t\t\t\t\t\t\t<a href=\"https:\/\/qc-loop.de\/en\/qualitaetsmanagement-medizintechnik\/#m-ra\">\n\t\t\t\t\t\t\t<img decoding=\"async\" width=\"800\" height=\"651\" src=\"https:\/\/qc-loop.de\/wp-content\/uploads\/2022\/11\/qc-loop-illu-s-02-rh.svg\" class=\"attachment-large size-large wp-image-42\" alt=\"illustration regulatory affairs\" \/>\t\t\t\t\t\t\t\t<\/a>\n\t\t\t\t\t\t\t\t\t\t\t\t\t\t\t<\/div>\n\t\t\t\t<\/div>\n\t\t\t\t<div class=\"elementor-element elementor-element-291fabd elementor-widget elementor-widget-text-editor\" data-id=\"291fabd\" data-element_type=\"widget\" data-widget_type=\"text-editor.default\">\n\t\t\t\t<div class=\"elementor-widget-container\">\n\t\t\t\t\t\t\t\t\t<p><a href=\"https:\/\/qc-loop.de\/en\/qualitaetsmanagement-medizintechnik\/#m-ra\"><strong>Regulatory Affairs<\/strong><\/a><\/p>\t\t\t\t\t\t\t\t<\/div>\n\t\t\t\t<\/div>\n\t\t\t\t\t<\/div>\n\t\t<\/div>\n\t\t\t\t\t<\/div>\n\t\t<\/section>\n\t\t\t\t<section class=\"elementor-section elementor-inner-section elementor-element elementor-element-b06eb60 elementor-section-boxed elementor-section-height-default elementor-section-height-default\" data-id=\"b06eb60\" data-element_type=\"section\">\n\t\t\t\t\t\t<div class=\"elementor-container elementor-column-gap-default\">\n\t\t\t\t\t<div class=\"elementor-column elementor-col-50 elementor-inner-column elementor-element elementor-element-1ed3c11\" data-id=\"1ed3c11\" data-element_type=\"column\">\n\t\t\t<div class=\"elementor-widget-wrap elementor-element-populated\">\n\t\t\t\t\t\t<div class=\"elementor-element elementor-element-8a6efa9 elementor-widget elementor-widget-image\" data-id=\"8a6efa9\" data-element_type=\"widget\" data-widget_type=\"image.default\">\n\t\t\t\t<div class=\"elementor-widget-container\">\n\t\t\t\t\t\t\t\t\t\t\t\t\t\t\t\t<a href=\"https:\/\/qc-loop.de\/en\/qualitaetsmanagement-medizintechnik\/#m-um\">\n\t\t\t\t\t\t\t<img loading=\"lazy\" decoding=\"async\" width=\"800\" height=\"651\" src=\"https:\/\/qc-loop.de\/wp-content\/uploads\/2022\/11\/qc-loop-illu-s-03-um.svg\" class=\"attachment-large size-large wp-image-43\" alt=\"illustration umweltmanagement\" \/>\t\t\t\t\t\t\t\t<\/a>\n\t\t\t\t\t\t\t\t\t\t\t\t\t\t\t<\/div>\n\t\t\t\t<\/div>\n\t\t\t\t<div class=\"elementor-element elementor-element-b9928c5 elementor-widget elementor-widget-text-editor\" data-id=\"b9928c5\" data-element_type=\"widget\" data-widget_type=\"text-editor.default\">\n\t\t\t\t<div class=\"elementor-widget-container\">\n\t\t\t\t\t\t\t\t\t<p><a href=\"https:\/\/qc-loop.de\/en\/qualitaetsmanagement-medizintechnik\/#m-um\"><strong>Environmental Management<\/strong><\/a><\/p>\t\t\t\t\t\t\t\t<\/div>\n\t\t\t\t<\/div>\n\t\t\t\t\t<\/div>\n\t\t<\/div>\n\t\t\t\t<div class=\"elementor-column elementor-col-50 elementor-inner-column elementor-element elementor-element-210e3e2\" data-id=\"210e3e2\" data-element_type=\"column\">\n\t\t\t<div class=\"elementor-widget-wrap elementor-element-populated\">\n\t\t\t\t\t\t<div class=\"elementor-element elementor-element-1fd7db0 elementor-widget elementor-widget-image\" data-id=\"1fd7db0\" data-element_type=\"widget\" data-widget_type=\"image.default\">\n\t\t\t\t<div class=\"elementor-widget-container\">\n\t\t\t\t\t\t\t\t\t\t\t\t\t\t\t\t<a href=\"https:\/\/qc-loop.de\/en\/qualitaetsmanagement-medizintechnik\/#m-rm\">\n\t\t\t\t\t\t\t<img loading=\"lazy\" decoding=\"async\" width=\"800\" height=\"651\" src=\"https:\/\/qc-loop.de\/wp-content\/uploads\/2022\/11\/qc-loop-illu-s-04-rm-1.svg\" class=\"attachment-large size-large wp-image-44\" alt=\"illustration risikomanagement\" \/>\t\t\t\t\t\t\t\t<\/a>\n\t\t\t\t\t\t\t\t\t\t\t\t\t\t\t<\/div>\n\t\t\t\t<\/div>\n\t\t\t\t<div class=\"elementor-element elementor-element-a6bba53 elementor-widget elementor-widget-text-editor\" data-id=\"a6bba53\" data-element_type=\"widget\" data-widget_type=\"text-editor.default\">\n\t\t\t\t<div class=\"elementor-widget-container\">\n\t\t\t\t\t\t\t\t\t<p><a href=\"https:\/\/qc-loop.de\/en\/qualitaetsmanagement-medizintechnik\/#m-rm\"><strong>Risk Management<\/strong><\/a><\/p>\t\t\t\t\t\t\t\t<\/div>\n\t\t\t\t<\/div>\n\t\t\t\t\t<\/div>\n\t\t<\/div>\n\t\t\t\t\t<\/div>\n\t\t<\/section>\n\t\t\t\t<div class=\"elementor-element elementor-element-d6543c2 elementor-align-center elementor-widget elementor-widget-button\" data-id=\"d6543c2\" data-element_type=\"widget\" data-widget_type=\"button.default\">\n\t\t\t\t<div class=\"elementor-widget-container\">\n\t\t\t\t\t\t\t\t\t<div class=\"elementor-button-wrapper\">\n\t\t\t\t\t<a class=\"elementor-button elementor-button-link elementor-size-lg\" href=\"https:\/\/qc-loop.de\/en\/qualitaetsmanagement-medizintechnik\/\">\n\t\t\t\t\t\t<span class=\"elementor-button-content-wrapper\">\n\t\t\t\t\t\t\t\t\t<span class=\"elementor-button-text\">Find out more<\/span>\n\t\t\t\t\t<\/span>\n\t\t\t\t\t<\/a>\n\t\t\t\t<\/div>\n\t\t\t\t\t\t\t\t<\/div>\n\t\t\t\t<\/div>\n\t\t\t\t\t<\/div>\n\t\t<\/div>\n\t\t\t\t\t<\/div>\n\t\t<\/section>\n\t\t\t\t<section class=\"elementor-section elementor-top-section elementor-element elementor-element-e5cd4bc elementor-section-full_width elementor-section-height-default elementor-section-height-default\" data-id=\"e5cd4bc\" data-element_type=\"section\">\n\t\t\t\t\t\t<div class=\"elementor-container elementor-column-gap-default\">\n\t\t\t\t\t<div class=\"elementor-column elementor-col-100 elementor-top-column elementor-element elementor-element-a948ed9\" data-id=\"a948ed9\" data-element_type=\"column\">\n\t\t\t<div class=\"elementor-widget-wrap elementor-element-populated\">\n\t\t\t\t\t\t<div class=\"elementor-element elementor-element-6056650 elementor-align-right elementor-widget elementor-widget-button\" data-id=\"6056650\" data-element_type=\"widget\" data-widget_type=\"button.default\">\n\t\t\t\t<div class=\"elementor-widget-container\">\n\t\t\t\t\t\t\t\t\t<div class=\"elementor-button-wrapper\">\n\t\t\t\t\t<a class=\"elementor-button elementor-button-link elementor-size-xs\" href=\"#top\">\n\t\t\t\t\t\t<span class=\"elementor-button-content-wrapper\">\n\t\t\t\t\t\t<span class=\"elementor-button-icon\">\n\t\t\t\t<i aria-hidden=\"true\" class=\"fas fa-angle-up\"><\/i>\t\t\t<\/span>\n\t\t\t\t\t\t\t\t\t<span class=\"elementor-button-text\">Back to top<\/span>\n\t\t\t\t\t<\/span>\n\t\t\t\t\t<\/a>\n\t\t\t\t<\/div>\n\t\t\t\t\t\t\t\t<\/div>\n\t\t\t\t<\/div>\n\t\t\t\t\t<\/div>\n\t\t<\/div>\n\t\t\t\t\t<\/div>\n\t\t<\/section>\n\t\t\t\t<\/div>","protected":false},"excerpt":{"rendered":"<p>QC Loop bietet Unterst\u00fctzung bei der Ermittlung und Einhaltung selbstgesetzter und regulatorischer Anforderungen. \u00dcber QC Loop QC-Loop konzipiert und implementiert ma\u00dfgeschneiderte Prozessschleifen, die das Management steuerbar und effizient machen, um den Herausforderungen hinsichtlich Sicherheit, Qualit\u00e4t und Umwelt im Alltag gewachsen zu sein. Die Erzeugung erforderlicher Compliance-Nachweise wie Technische Dokumentation, Gef\u00e4hrdungsanalysen oder CO2-Berichte steht dabei oft [&hellip;]<\/p>","protected":false},"author":1,"featured_media":0,"parent":0,"menu_order":0,"comment_status":"closed","ping_status":"closed","template":"elementor_header_footer","meta":{"inline_featured_image":false,"footnotes":""},"class_list":["post-7","page","type-page","status-publish","hentry"],"yoast_head":"<!-- This site is optimized with the Yoast SEO plugin v26.7 - https:\/\/yoast.com\/wordpress\/plugins\/seo\/ -->\n<title>QC Loop - qc-loop.de<\/title>\n<meta name=\"description\" content=\"QC Loop bietet Unterst\u00fctzung bei der Ermittlung und Einhaltung selbstgesetzter und regulatorischer Anforderungen. QCLoop entwickelt ma\u00dfgeschneiderte Prozessschleifen, die das Management steuerbar und effizient machen und alle erforderlichen Compliance-Nachweise erzeugen.\" \/>\n<meta name=\"robots\" content=\"index, follow, max-snippet:-1, max-image-preview:large, max-video-preview:-1\" \/>\n<link rel=\"canonical\" href=\"https:\/\/qc-loop.de\/en\/\" \/>\n<meta property=\"og:locale\" content=\"en_GB\" \/>\n<meta property=\"og:type\" content=\"article\" \/>\n<meta property=\"og:title\" content=\"QC Loop - qc-loop.de\" \/>\n<meta property=\"og:description\" content=\"QC Loop bietet Unterst\u00fctzung bei der Ermittlung und Einhaltung selbstgesetzter und regulatorischer Anforderungen. QCLoop entwickelt ma\u00dfgeschneiderte Prozessschleifen, die das Management steuerbar und effizient machen und alle erforderlichen Compliance-Nachweise erzeugen.\" \/>\n<meta property=\"og:url\" content=\"https:\/\/qc-loop.de\/en\/\" \/>\n<meta property=\"og:site_name\" content=\"qc-loop.de\" \/>\n<meta property=\"article:modified_time\" content=\"2025-05-21T11:11:17+00:00\" \/>\n<meta property=\"og:image\" content=\"https:\/\/qc-loop.de\/wp-content\/uploads\/2022\/11\/qc-loop-illu-L-1-home-2.svg\" \/>\n<meta name=\"twitter:card\" content=\"summary_large_image\" \/>\n<script type=\"application\/ld+json\" class=\"yoast-schema-graph\">{\"@context\":\"https:\/\/schema.org\",\"@graph\":[{\"@type\":\"WebPage\",\"@id\":\"https:\/\/qc-loop.de\/\",\"url\":\"https:\/\/qc-loop.de\/\",\"name\":\"QC Loop - qc-loop.de\",\"isPartOf\":{\"@id\":\"https:\/\/qc-loop.de\/#website\"},\"primaryImageOfPage\":{\"@id\":\"https:\/\/qc-loop.de\/#primaryimage\"},\"image\":{\"@id\":\"https:\/\/qc-loop.de\/#primaryimage\"},\"thumbnailUrl\":\"https:\/\/qc-loop.de\/wp-content\/uploads\/2022\/11\/qc-loop-illu-L-1-home-2.svg\",\"datePublished\":\"2022-11-18T10:51:14+00:00\",\"dateModified\":\"2025-05-21T11:11:17+00:00\",\"description\":\"QC Loop bietet Unterst\u00fctzung bei der Ermittlung und Einhaltung selbstgesetzter und regulatorischer Anforderungen. QCLoop entwickelt ma\u00dfgeschneiderte Prozessschleifen, die das Management steuerbar und effizient machen und alle erforderlichen Compliance-Nachweise erzeugen.\",\"breadcrumb\":{\"@id\":\"https:\/\/qc-loop.de\/#breadcrumb\"},\"inLanguage\":\"en-GB\",\"potentialAction\":[{\"@type\":\"ReadAction\",\"target\":[\"https:\/\/qc-loop.de\/\"]}]},{\"@type\":\"ImageObject\",\"inLanguage\":\"en-GB\",\"@id\":\"https:\/\/qc-loop.de\/#primaryimage\",\"url\":\"https:\/\/qc-loop.de\/wp-content\/uploads\/2022\/11\/qc-loop-illu-L-1-home-2.svg\",\"contentUrl\":\"https:\/\/qc-loop.de\/wp-content\/uploads\/2022\/11\/qc-loop-illu-L-1-home-2.svg\"},{\"@type\":\"BreadcrumbList\",\"@id\":\"https:\/\/qc-loop.de\/#breadcrumb\",\"itemListElement\":[{\"@type\":\"ListItem\",\"position\":1,\"name\":\"Home\",\"item\":\"https:\/\/qc-loop.de\/\"},{\"@type\":\"ListItem\",\"position\":2,\"name\":\"QC Loop\"}]},{\"@type\":\"WebSite\",\"@id\":\"https:\/\/qc-loop.de\/#website\",\"url\":\"https:\/\/qc-loop.de\/\",\"name\":\"qc-loop.de\",\"description\":\"Quality Control Loop: Quality management and more from Hamburg\/Germany.\",\"publisher\":{\"@id\":\"https:\/\/qc-loop.de\/#organization\"},\"potentialAction\":[{\"@type\":\"SearchAction\",\"target\":{\"@type\":\"EntryPoint\",\"urlTemplate\":\"https:\/\/qc-loop.de\/?s={search_term_string}\"},\"query-input\":{\"@type\":\"PropertyValueSpecification\",\"valueRequired\":true,\"valueName\":\"search_term_string\"}}],\"inLanguage\":\"en-GB\"},{\"@type\":\"Organization\",\"@id\":\"https:\/\/qc-loop.de\/#organization\",\"name\":\"QC Loop\",\"url\":\"https:\/\/qc-loop.de\/\",\"logo\":{\"@type\":\"ImageObject\",\"inLanguage\":\"en-GB\",\"@id\":\"https:\/\/qc-loop.de\/#\/schema\/logo\/image\/\",\"url\":\"https:\/\/qc-loop.de\/wp-content\/uploads\/2022\/11\/QCL-logo-short.svg\",\"contentUrl\":\"https:\/\/qc-loop.de\/wp-content\/uploads\/2022\/11\/QCL-logo-short.svg\",\"width\":57,\"height\":50,\"caption\":\"QC Loop\"},\"image\":{\"@id\":\"https:\/\/qc-loop.de\/#\/schema\/logo\/image\/\"}}]}<\/script>\n<!-- \/ Yoast SEO plugin. -->","yoast_head_json":{"title":"QC Loop - qc-loop.de","description":"QC Loop bietet Unterst\u00fctzung bei der Ermittlung und Einhaltung selbstgesetzter und regulatorischer Anforderungen. QCLoop entwickelt ma\u00dfgeschneiderte Prozessschleifen, die das Management steuerbar und effizient machen und alle erforderlichen Compliance-Nachweise erzeugen.","robots":{"index":"index","follow":"follow","max-snippet":"max-snippet:-1","max-image-preview":"max-image-preview:large","max-video-preview":"max-video-preview:-1"},"canonical":"https:\/\/qc-loop.de\/en\/","og_locale":"en_GB","og_type":"article","og_title":"QC Loop - qc-loop.de","og_description":"QC Loop bietet Unterst\u00fctzung bei der Ermittlung und Einhaltung selbstgesetzter und regulatorischer Anforderungen. QCLoop entwickelt ma\u00dfgeschneiderte Prozessschleifen, die das Management steuerbar und effizient machen und alle erforderlichen Compliance-Nachweise erzeugen.","og_url":"https:\/\/qc-loop.de\/en\/","og_site_name":"qc-loop.de","article_modified_time":"2025-05-21T11:11:17+00:00","og_image":[{"url":"https:\/\/qc-loop.de\/wp-content\/uploads\/2022\/11\/qc-loop-illu-L-1-home-2.svg","type":"","width":"","height":""}],"twitter_card":"summary_large_image","schema":{"@context":"https:\/\/schema.org","@graph":[{"@type":"WebPage","@id":"https:\/\/qc-loop.de\/","url":"https:\/\/qc-loop.de\/","name":"QC Loop - qc-loop.de","isPartOf":{"@id":"https:\/\/qc-loop.de\/#website"},"primaryImageOfPage":{"@id":"https:\/\/qc-loop.de\/#primaryimage"},"image":{"@id":"https:\/\/qc-loop.de\/#primaryimage"},"thumbnailUrl":"https:\/\/qc-loop.de\/wp-content\/uploads\/2022\/11\/qc-loop-illu-L-1-home-2.svg","datePublished":"2022-11-18T10:51:14+00:00","dateModified":"2025-05-21T11:11:17+00:00","description":"QC Loop bietet Unterst\u00fctzung bei der Ermittlung und Einhaltung selbstgesetzter und regulatorischer Anforderungen. QCLoop entwickelt ma\u00dfgeschneiderte Prozessschleifen, die das Management steuerbar und effizient machen und alle erforderlichen Compliance-Nachweise erzeugen.","breadcrumb":{"@id":"https:\/\/qc-loop.de\/#breadcrumb"},"inLanguage":"en-GB","potentialAction":[{"@type":"ReadAction","target":["https:\/\/qc-loop.de\/"]}]},{"@type":"ImageObject","inLanguage":"en-GB","@id":"https:\/\/qc-loop.de\/#primaryimage","url":"https:\/\/qc-loop.de\/wp-content\/uploads\/2022\/11\/qc-loop-illu-L-1-home-2.svg","contentUrl":"https:\/\/qc-loop.de\/wp-content\/uploads\/2022\/11\/qc-loop-illu-L-1-home-2.svg"},{"@type":"BreadcrumbList","@id":"https:\/\/qc-loop.de\/#breadcrumb","itemListElement":[{"@type":"ListItem","position":1,"name":"Home","item":"https:\/\/qc-loop.de\/"},{"@type":"ListItem","position":2,"name":"QC Loop"}]},{"@type":"WebSite","@id":"https:\/\/qc-loop.de\/#website","url":"https:\/\/qc-loop.de\/","name":"qc-loop.de","description":"Quality Control Loop: Quality management and more from Hamburg\/Germany.","publisher":{"@id":"https:\/\/qc-loop.de\/#organization"},"potentialAction":[{"@type":"SearchAction","target":{"@type":"EntryPoint","urlTemplate":"https:\/\/qc-loop.de\/?s={search_term_string}"},"query-input":{"@type":"PropertyValueSpecification","valueRequired":true,"valueName":"search_term_string"}}],"inLanguage":"en-GB"},{"@type":"Organization","@id":"https:\/\/qc-loop.de\/#organization","name":"QC Loop","url":"https:\/\/qc-loop.de\/","logo":{"@type":"ImageObject","inLanguage":"en-GB","@id":"https:\/\/qc-loop.de\/#\/schema\/logo\/image\/","url":"https:\/\/qc-loop.de\/wp-content\/uploads\/2022\/11\/QCL-logo-short.svg","contentUrl":"https:\/\/qc-loop.de\/wp-content\/uploads\/2022\/11\/QCL-logo-short.svg","width":57,"height":50,"caption":"QC Loop"},"image":{"@id":"https:\/\/qc-loop.de\/#\/schema\/logo\/image\/"}}]}},"_links":{"self":[{"href":"https:\/\/qc-loop.de\/en\/wp-json\/wp\/v2\/pages\/7","targetHints":{"allow":["GET"]}}],"collection":[{"href":"https:\/\/qc-loop.de\/en\/wp-json\/wp\/v2\/pages"}],"about":[{"href":"https:\/\/qc-loop.de\/en\/wp-json\/wp\/v2\/types\/page"}],"author":[{"embeddable":true,"href":"https:\/\/qc-loop.de\/en\/wp-json\/wp\/v2\/users\/1"}],"replies":[{"embeddable":true,"href":"https:\/\/qc-loop.de\/en\/wp-json\/wp\/v2\/comments?post=7"}],"version-history":[{"count":407,"href":"https:\/\/qc-loop.de\/en\/wp-json\/wp\/v2\/pages\/7\/revisions"}],"predecessor-version":[{"id":1717,"href":"https:\/\/qc-loop.de\/en\/wp-json\/wp\/v2\/pages\/7\/revisions\/1717"}],"wp:attachment":[{"href":"https:\/\/qc-loop.de\/en\/wp-json\/wp\/v2\/media?parent=7"}],"curies":[{"name":"wp","href":"https:\/\/api.w.org\/{rel}","templated":true}]}}